{"id":90,"date":"2021-02-14T08:10:24","date_gmt":"2021-02-14T08:10:24","guid":{"rendered":"http:\/\/christian-papesch.de\/?page_id=90"},"modified":"2021-12-31T16:51:40","modified_gmt":"2021-12-31T16:51:40","slug":"fiktion","status":"publish","type":"page","link":"https:\/\/christian-papesch.de\/?page_id=90&lang=de","title":{"rendered":"Fiktion"},"content":{"rendered":"\n<hr class=\"wp-block-separator is-style-default\"\/>\n\n\n\n<div class=\"wp-block-columns is-layout-flex wp-container-core-columns-is-layout-9d6595d7 wp-block-columns-is-layout-flex\">\n<div class=\"wp-block-column is-layout-flow wp-block-column-is-layout-flow\" style=\"flex-basis:100%\">\n<p class=\"has-text-align-center\">Mein Name ist Christian Papesch und ich arbeite als Video-Journalist und Autor in Hamburg.<br>So beginnt mein Lebenslauf. Wobei es eigentlich ein Lebenssprint ist. Konkret. Messbar. Ohne Umwege. Aber mit Erwartungen. Und einem wesenlosen Wesen hinter der Ziellinie, das die Stoppuhr dr\u00fcckt.<br>Dabei ist das Leben doch eigentlich ganz anders. Ein Spaziergang im Regen &#8211; mit einem leichten Schnupfen am Morgen danach. Sich die Nase an der Schaufensterscheibe plattdr\u00fccken &#8211; und fest daran glauben, dass sie irgendwann einfach verschwindet. Eine magische Mahagoni-Box, in der ein unsichtbares Einhorn im Kreis tanzt.<br>Mein Name ist Christian Papesch und das sind meine Geschichten. Tragbare Magie, verkleidet als schwarze Buchstaben auf wei\u00dfem Papier.<\/p>\n<\/div>\n<\/div>\n\n\n\n<hr class=\"wp-block-separator is-style-default\"\/>\n\n\n\n<h2 class=\"wp-block-heading\"><a href=\"https:\/\/christian-papesch.de\/?page_id=147&amp;lang=de\" data-type=\"page\" data-id=\"147\">Albtraumf\u00e4nger<\/a><\/h2>\n\n\n\n<p>Ein Horror-Mystery-Roman \u00fcber ein geheimnisvolles Haus, das seinen Besuchern ihre sehnlichsten W\u00fcnsche erf\u00fcllt. Erz\u00e4hlt von zwei unzuverl\u00e4ssigen Erz\u00e4hlern, parallel in der Vergangenheit und der Gegenwart.<\/p>\n\n\n\n<h2 class=\"wp-block-heading\"><a href=\"https:\/\/christian-papesch.de\/?page_id=340&amp;lang=de\" data-type=\"page\" data-id=\"340\">Unser G\u00e4stebuch<\/a><\/h2>\n\n\n\n<p>Eine Sammlung lose zusammenh\u00e4ngender, gesellschaftskritischer Kurzgeschichten.<\/p>\n\n\n\n<h2 class=\"wp-block-heading\"><a href=\"https:\/\/christian-papesch.de\/?page_id=219&amp;lang=de\" data-type=\"page\" data-id=\"219\">Kurzgeschichten<\/a><\/h2>\n\n\n\n<p>Eine Sammlung von Kurzgeschichten, ver\u00f6ffentlicht auf dem Geschichten-Portal &#8222;Story.One&#8220;.<\/p>\n\n\n\n<h2 class=\"wp-block-heading\"><a href=\"https:\/\/christian-papesch.de\/?page_id=371&amp;lang=de\" data-type=\"page\" data-id=\"371\">Der Walkman<\/a><\/h2>\n\n\n\n<p>Eine Horror-Coming-Of-Age-Geschichte \u00fcber einen Walkman und sein dunkles Geheimnis.<\/p>\n\n\n\n<h2 class=\"wp-block-heading\"><a href=\"https:\/\/christian-papesch.de\/?page_id=151&amp;lang=de\" data-type=\"page\" data-id=\"151\">BAR<\/a><\/h2>\n\n\n\n<p>Ein Mystery-Roman \u00fcber eine mysteri\u00f6se Bar, die man im Hier und Jetzt betritt, aber an einem anderen Ort zu einem anderen Zeitpunkt wieder verl\u00e4sst.<\/p>\n\n\n\n<h2 class=\"wp-block-heading\"><a href=\"https:\/\/christian-papesch.de\/?page_id=145&amp;lang=de\" data-type=\"page\" data-id=\"145\">i!<\/a><\/h2>\n\n\n\n<p>Ein autobiographischer Horror-Roman \u00fcber Fluch und Segen des kreativen Schreibens.<\/p>\n\n\n\n<h2 class=\"wp-block-heading\"><a href=\"https:\/\/christian-papesch.de\/?page_id=155&amp;lang=de\" data-type=\"page\" data-id=\"155\">Rebound<\/a><\/h2>\n\n\n\n<p>Christian Papschs Debut-Roman, eine Horrorgeschichte \u00fcber eine unbekannte Droge, die den Konsumenten Zugang zu einer scheinbar perfekten Traumwelt erm\u00f6glicht.<\/p>\n","protected":false},"excerpt":{"rendered":"<p>Mein Name ist Christian Papesch und ich arbeite als Video-Journalist und Autor in Hamburg.So beginnt mein Lebenslauf. Wobei es eigentlich<\/p>\n<p><a href=\"https:\/\/christian-papesch.de\/?page_id=90&#038;lang=de\" class=\"more-link\">Continue reading<span class=\"screen-reader-text\">Fiktion<\/span><\/a><\/p>\n","protected":false},"author":1,"featured_media":0,"parent":0,"menu_order":0,"comment_status":"closed","ping_status":"closed","template":"","meta":{"footnotes":""},"class_list":["post-90","page","type-page","status-publish","hentry"],"_links":{"self":[{"href":"https:\/\/christian-papesch.de\/index.php?rest_route=\/wp\/v2\/pages\/90","targetHints":{"allow":["GET"]}}],"collection":[{"href":"https:\/\/christian-papesch.de\/index.php?rest_route=\/wp\/v2\/pages"}],"about":[{"href":"https:\/\/christian-papesch.de\/index.php?rest_route=\/wp\/v2\/types\/page"}],"author":[{"embeddable":true,"href":"https:\/\/christian-papesch.de\/index.php?rest_route=\/wp\/v2\/users\/1"}],"replies":[{"embeddable":true,"href":"https:\/\/christian-papesch.de\/index.php?rest_route=%2Fwp%2Fv2%2Fcomments&post=90"}],"version-history":[{"count":22,"href":"https:\/\/christian-papesch.de\/index.php?rest_route=\/wp\/v2\/pages\/90\/revisions"}],"predecessor-version":[{"id":531,"href":"https:\/\/christian-papesch.de\/index.php?rest_route=\/wp\/v2\/pages\/90\/revisions\/531"}],"wp:attachment":[{"href":"https:\/\/christian-papesch.de\/index.php?rest_route=%2Fwp%2Fv2%2Fmedia&parent=90"}],"curies":[{"name":"wp","href":"https:\/\/api.w.org\/{rel}","templated":true}]}}